{"id":13,"date":"2014-02-25T12:37:45","date_gmt":"2014-02-25T12:37:45","guid":{"rendered":"https:\/\/dmd.com.tr\/?page_id=13"},"modified":"2015-02-19T15:58:27","modified_gmt":"2015-02-19T15:58:27","slug":"hakkimizda","status":"publish","type":"page","link":"https:\/\/dmd.com.tr\/?page_id=13","title":{"rendered":"Hakk\u0131m\u0131zda"},"content":{"rendered":"<div class=\"three_fifth \">\n<div class=\"clearfix\"><\/div><div class=\"divider_page\">\n<h2>DMD Ge\u00e7i\u015f Sistemleri<\/h2>\n<\/div><div class=\"clearfix\"><\/div>\n<p>2010 y\u0131l\u0131nda yurt i\u00e7i pazar\u0131na y\u00f6nelik RFID teknolojileri geli\u015ftirmek \u00fczere \u0130zmir de kurulmu\u015ftur.<\/p>\n<p>Kuruldu\u011fu ilk g\u00fcnden itibaren alan\u0131ndaki uluslararas\u0131 yenilikleri yak\u0131ndan takip etmi\u015f ve kendi \u00fcr\u00fcn \u00e7e\u015fitlili\u011fi i\u00e7erisinde bu yeni teknolojilere yer vermeye \u00e7al\u0131\u015fm\u0131\u015ft\u0131r.<\/p>\n<p>2013 y\u0131l\u0131ndan itibaren \u0130stanbul \u00a0merkezli olarak hizmet vermeye ba\u015flam\u0131\u015ft\u0131r.<\/p>\n<h3>Misyonumuz;<\/h3>\n<p style=\"text-align: justify;\">Verimlili\u011fi ve karl\u0131l\u0131\u011f\u0131 artt\u0131rarak s\u00fcrd\u00fcr\u00fclebilir b\u00fcy\u00fcme sa\u011flarken, sosyal ve fiziksel \u00e7evreyi koruyarak son teknoloji, kaliteli, g\u00fcvenilir mallar\u0131 ve hizmetleri son kullan\u0131c\u0131ya ula\u015ft\u0131rmak ve m\u00fc\u015fteri memnuniyetini artt\u0131r\u0131c\u0131 \u00e7al\u0131\u015fmalar y\u00fcr\u00fctmektir.<\/p>\n<\/div>\n<div class=\"two_fifth last \">\n<img decoding=\"async\" src=\"https:\/\/dmd.com.tr\/wp-content\/uploads\/2014\/02\/DmdDestek.png\" class=\"grid_image\" \/>\n<\/div><div class=\"clearfix\"><\/div>\n","protected":false},"excerpt":{"rendered":"","protected":false},"author":1,"featured_media":0,"parent":0,"menu_order":0,"comment_status":"open","ping_status":"closed","template":"","meta":{"footnotes":""},"_links":{"self":[{"href":"https:\/\/dmd.com.tr\/index.php?rest_route=\/wp\/v2\/pages\/13"}],"collection":[{"href":"https:\/\/dmd.com.tr\/index.php?rest_route=\/wp\/v2\/pages"}],"about":[{"href":"https:\/\/dmd.com.tr\/index.php?rest_route=\/wp\/v2\/types\/page"}],"author":[{"embeddable":true,"href":"https:\/\/dmd.com.tr\/index.php?rest_route=\/wp\/v2\/users\/1"}],"replies":[{"embeddable":true,"href":"https:\/\/dmd.com.tr\/index.php?rest_route=%2Fwp%2Fv2%2Fcomments&post=13"}],"version-history":[{"count":11,"href":"https:\/\/dmd.com.tr\/index.php?rest_route=\/wp\/v2\/pages\/13\/revisions"}],"predecessor-version":[{"id":377,"href":"https:\/\/dmd.com.tr\/index.php?rest_route=\/wp\/v2\/pages\/13\/revisions\/377"}],"wp:attachment":[{"href":"https:\/\/dmd.com.tr\/index.php?rest_route=%2Fwp%2Fv2%2Fmedia&parent=13"}],"curies":[{"name":"wp","href":"https:\/\/api.w.org\/{rel}","templated":true}]}}