{"id":30,"date":"2014-02-25T12:59:41","date_gmt":"2014-02-25T12:59:41","guid":{"rendered":"https:\/\/dmd.com.tr\/?page_id=30"},"modified":"2015-07-31T07:32:26","modified_gmt":"2015-07-31T07:32:26","slug":"gomme-dijital-kilit","status":"publish","type":"page","link":"https:\/\/dmd.com.tr\/?page_id=30","title":{"rendered":"G\u00f6mme Dijital Kilit"},"content":{"rendered":"<div class=\"one_half \">\n<img decoding=\"async\" src=\"https:\/\/dmd.com.tr\/wp-content\/uploads\/2014\/02\/kilit04.png\" class=\"grid_image\" \/>\n<\/div> <div class=\"one_half last \">\n<div class=\"clearfix\"><\/div><div class=\"divider_page\">\n<h2>G\u00f6mme Dijital Kilit \u00d6zellikleri<\/h2>\n<\/div><div class=\"clearfix\"><\/div>\n\n<ul class=\"check\">\n<li>Sistemde kurma dili yerine, m\u0131knat\u0131sl\u0131 sens\u00f6r bulundu\u011fundan kap\u0131 kolayl\u0131kla kapan\u0131r,<\/li>\n<li>Kap\u0131 a\u00e7\u0131ld\u0131\u011f\u0131nda hareket yoksa 5 ~ 9 saniye i\u00e7erisinde kendini kilitler,<\/li>\n<li>Elektrik kesintilerinde ak\u00fcl\u00fc trafosu sayesinde 8 saat boyunca \u00e7al\u0131\u015fmaya devam eder(Opsiyonel),<\/li>\n<li>G\u00f6mme kilitli kap\u0131lara uyumlu,<\/li>\n<li>T\u00fcm g\u00fcvenlik ve a\u00e7ma sistemleriyle paralel \u00e7al\u0131\u015fma \u00f6zelli\u011fi,<\/li>\n<li>Kap\u0131 g\u00fcvenli\u011fini maksimum seviyeye \u00e7\u0131kar\u0131r,<\/li>\n<li>Sessiz \u00e7al\u0131\u015fan motorlu sistem,<\/li>\n<li>Kolay montaj,<\/li>\n<li>2 y\u0131l garanti.<\/li>\n<\/ul>\n<\/ul>\n<\/div><div class=\"clearfix\"><\/div>\n<hr \/>\n<div class=\"clearfix\"><\/div><div class=\"divider_page\">\n<h2>G\u00f6mme Dijital Kilit ile Klasik Kilit k\u0131yaslama;<\/h2>\n<\/div><div class=\"clearfix\"><\/div>\n<div class=\"one_fifth \">\n<h4>Kap\u0131 neden<br \/>\na\u00e7\u0131k kal\u0131r?<\/h4>\n<\/div>\n<div class=\"one_fifth \"> <span class=\"dropcap medium pink\" style=\"\">Klasik Kilit<\/span> <\/div>\n<div class=\"three_fifth last \">\n<p style=\"text-align: justify;\">Hava so\u011fudu\u011funda hidroli\u011fin i\u00e7indeki ya\u011f genle\u015fir ve kap\u0131y\u0131 itme ivmesi d\u00fc\u015fer. B\u00f6ylece kilit dili ve kurma kolu s\u00fcrt\u00fcnme kuvvetine yenik d\u00fc\u015ferek kap\u0131n\u0131n a\u00e7\u0131k kalmas\u0131na neden olur.<\/p>\n<\/div><div class=\"clearfix\"><\/div>\n<div class=\"one_fifth \">&nbsp;<br \/>\n<\/div>\n<div class=\"one_fifth \"> <span class=\"dropcap medium green\" style=\"\">G. Dijital Kilit<\/span> <\/div>\n<div class=\"three_fifth last \">\n<p style=\"text-align: justify;\">\u0130vmeyi yava\u015flatacak s\u00fcrt\u00fcnme kuvveti yaratacak bir kurma dili olmayaca\u011f\u0131ndan, hidroli\u011fin %20 performans\u0131n\u0131 yerine getirmesi yeterli olacakt\u0131r. (Yaz ve k\u0131\u015f olmak \u00fczere y\u0131lda iki defa hidrolik ayar\u0131 yap\u0131l\u0131r.)<\/p>\n<\/div><div class=\"clearfix\"><\/div>\n<hr \/>\n<div class=\"one_fifth \">\n<h4>Kilit neden<br \/>\na\u00e7\u0131k kal\u0131r?<\/h4>\n<\/div>\n<div class=\"one_fifth \"> <span class=\"dropcap medium pink\" style=\"\">Klasik Kilit<\/span> <\/div>\n<div class=\"three_fifth last \">\n<p style=\"text-align: justify;\">Kap\u0131 otomat\u0131na bas\u0131ld\u0131\u011f\u0131nda i\u00e7eri giren olmazsa, kap\u0131n\u0131z kurma kolu yeniden kuruluncaya kadar a\u00e7\u0131k kal\u0131r. 3. \u015fah\u0131slar\u0131n da kolayl\u0131kla girmesini sa\u011flar.<\/p>\n<\/div><div class=\"clearfix\"><\/div>\n<div class=\"one_fifth \">&nbsp;<br \/>\n<\/div>\n<div class=\"one_fifth \"> <span class=\"dropcap medium green\" style=\"\">G. Dijital Kilit<\/span> <\/div>\n<div class=\"three_fifth last \">Sens\u00f6r ve motor devresi sayesinde hareket yoksa 5-9 sn. i\u00e7inde kendini kilitler.<\/div><div class=\"clearfix\"><\/div>\n<hr \/>\n<div class=\"clearfix\"><\/div><div class=\"blockquote\"><p>\n<p style=\"text-align: right;\">\nKap\u0131n\u0131z, r\u00fczgar sebebiyle a\u00e7\u0131k m\u0131 kal\u0131yor,<br \/>\nKap\u0131n\u0131z, \u00e7arparak kapan\u0131p, bina sakinlerini rahats\u0131z m\u0131 ediyor,<br \/>\nKap\u0131n\u0131z\u0131n g\u00fcvenli\u011fini maksimum d\u00fczeye mi \u00e7\u0131karmak istiyorsunuz&#8230;<\/p>\n<\/p><\/div><div class=\"clearfix\"><\/div>\n<div class=\"three_fourth \">\n<div class=\"clearfix\"><\/div><div class=\"divider_page\">\n<h3>Yeni Dijital Kilitimizin tan\u0131t\u0131m videosu;<\/h3>\n<\/div><div class=\"clearfix\"><\/div>\n<div class=\"fitVideo\"><iframe loading=\"lazy\" width=\"480\" height=\"270\" src=\"https:\/\/www.youtube.com\/embed\/PzdEju1JMQM?rel=0&amp;showinfo=0\" frameborder=\"0\" allowfullscreen><\/iframe><\/div>\n<\/div>\n<div class=\"one_fourth last \">\n<div class=\"clearfix\"><\/div><div class=\"divider_page\">\n<h4>Hidroli\u011fin g\u00f6revi nedir?<\/h4>\n<\/div><div class=\"clearfix\"><\/div>\n<div class=\"clearfix\"><\/div><div class=\"infobox\"><p>\n<p style=\"text-align: justify;\">Kap\u0131n\u0131n d\u00fczenli kapanmas\u0131n\u0131 sa\u011flamakt\u0131r. %20 performans\u0131 ile kap\u0131y\u0131 sonuna kadar getirir, % 80 performans\u0131n\u0131 ise kurma dilini yuvaya yerle\u015ftirmek i\u00e7in kullan\u0131r. Hidroli\u011fin iteleme bas\u0131nc\u0131 hava ko\u015fullar\u0131na g\u00f6re de\u011fi\u015fiklik g\u00f6sterir.<\/p>\n<\/p><\/div><div class=\"clearfix\"><\/div><\/div><div class=\"clearfix\"><\/div>\n","protected":false},"excerpt":{"rendered":"","protected":false},"author":1,"featured_media":0,"parent":26,"menu_order":0,"comment_status":"open","ping_status":"closed","template":"","meta":{"footnotes":""},"_links":{"self":[{"href":"https:\/\/dmd.com.tr\/index.php?rest_route=\/wp\/v2\/pages\/30"}],"collection":[{"href":"https:\/\/dmd.com.tr\/index.php?rest_route=\/wp\/v2\/pages"}],"about":[{"href":"https:\/\/dmd.com.tr\/index.php?rest_route=\/wp\/v2\/types\/page"}],"author":[{"embeddable":true,"href":"https:\/\/dmd.com.tr\/index.php?rest_route=\/wp\/v2\/users\/1"}],"replies":[{"embeddable":true,"href":"https:\/\/dmd.com.tr\/index.php?rest_route=%2Fwp%2Fv2%2Fcomments&post=30"}],"version-history":[{"count":13,"href":"https:\/\/dmd.com.tr\/index.php?rest_route=\/wp\/v2\/pages\/30\/revisions"}],"predecessor-version":[{"id":439,"href":"https:\/\/dmd.com.tr\/index.php?rest_route=\/wp\/v2\/pages\/30\/revisions\/439"}],"up":[{"embeddable":true,"href":"https:\/\/dmd.com.tr\/index.php?rest_route=\/wp\/v2\/pages\/26"}],"wp:attachment":[{"href":"https:\/\/dmd.com.tr\/index.php?rest_route=%2Fwp%2Fv2%2Fmedia&parent=30"}],"curies":[{"name":"wp","href":"https:\/\/api.w.org\/{rel}","templated":true}]}}