{"id":32,"date":"2014-02-25T12:59:54","date_gmt":"2014-02-25T12:59:54","guid":{"rendered":"https:\/\/dmd.com.tr\/?page_id=32"},"modified":"2014-03-04T22:29:47","modified_gmt":"2014-03-04T22:29:47","slug":"rfid-okuyucu","status":"publish","type":"page","link":"https:\/\/dmd.com.tr\/?page_id=32","title":{"rendered":"RFID Okuyucu"},"content":{"rendered":"<div class=\"one_half \">\n<img decoding=\"async\" src=\"https:\/\/dmd.com.tr\/wp-content\/uploads\/2014\/02\/RFIDokuyucu.png\" class=\"grid_image\" \/>\n<\/div> <div class=\"one_half last \">\n<div class=\"clearfix\"><\/div><div class=\"divider_page\">\n<h2>RFID Okuyucu \u00d6zellikleri<\/h2>\n<\/div><div class=\"clearfix\"><\/div>\n\n<ul class=\"check\">\n<li>B\u00fcy\u00fck kapasiteli Flash bellek ile donat\u0131lm\u0131\u015f geli\u015fmi\u015f mikroi\u015flemci<\/li>\n<li>Master kart ile h\u0131zl\u0131 kullan\u0131c\u0131 eklemek ve silmek<\/li>\n<li>Kullan\u0131c\u0131 kapasitesi: 10.000 Kart<\/li>\n<li>Suge\u00e7irmez ve G\u00fc\u00e7l\u00fc d\u0131\u015f kabuk<\/li>\n<li>Kart arabirimi : 125kHz EM<\/li>\n<li>Besleme gerilimi: 12VDC 10%<\/li>\n<li>Okuma mesafesi : 5 \/ 10 cm<\/li>\n<li>Kolay montaj,<\/li>\n<li>2 y\u0131l garanti.<\/li>\n<li>Kopyalanm\u0131\u015f RFID Anahtarlar\u0131 okumaz,<\/li>\n<li>Cihaz suya dayan\u0131kl\u0131d\u0131r, d\u0131\u015f ortamlarda rahatl\u0131kla kullan\u0131labilir,<\/li>\n<li>Cihaz s\u00f6k\u00fclmeye kar\u015f\u0131 alarm \u00e7\u0131k\u0131\u015f\u0131na sahiptir.<\/li>\n<\/ul>\n<\/ul>\n<\/div><div class=\"clearfix\"><\/div>\n<hr \/>\n<div class=\"clearfix\"><\/div><div class=\"divider_page\">\n<h2>Rfid Teknolojisi Nedir ?<\/h2>\n<\/div><div class=\"clearfix\"><\/div>\n<div class=\"clearfix\"><\/div><div class=\"infobox\"><p>\n<p style=\"text-align: justify;\"><strong>Radyo Frekans\u0131 ile Tan\u0131mlama (RFID) teknolojisi, radyo frekans\u0131 kullanarak nesneleri tekil ve otomatik olarak tan\u0131mlama y\u00f6ntemidir. RFID, temel olarak bir etiket (<a href=\"https:\/\/dmd.com.tr\/?page_id=34\">RFID Anahtarlar<\/a>) ve <a href=\"https:\/\/dmd.com.tr\/?page_id=32\">RFID Okuyucu<\/a>dan meydana gelir. Etiketler (RFID Anahtarlar) Elektronik \u00dcr\u00fcn Kodu (EPC) gibi nesne bilgilerini almak, saklamak ve g\u00f6ndermek i\u00e7in programlanabilirler. Programlanm\u0131\u015f etiketlerin (RFID Anahtarlar\u0131n), RFID Okuyucu taraf\u0131ndan okunmas\u0131 ile de ge\u00e7i\u015f izni y\u00f6netimi sa\u011flan\u0131r.<\/strong><\/p>\n<\/p><\/div><div class=\"clearfix\"><\/div>\n<hr \/>\n<div class=\"clearfix\"><\/div><div class=\"divider_page\">\n<h2>\u00c7ipli Ge\u00e7i\u015f Nedir?<\/h2>\n<\/div><div class=\"clearfix\"><\/div>\n<h4>Anahtarl\u0131 kap\u0131larda, anahtar\u0131n yerini alacak h\u0131zl\u0131 ge\u00e7i\u015f sistemidir.<\/h4>\n<h3>Avantajlar\u0131;<\/h3>\n\n<ul class=\"plus\">\n<li>Anahtar kullan\u0131lan sisteme g\u00f6re \u00e7ok daha pratiktir,<\/li>\n<li>Birden fazla anahtar ta\u015f\u0131ma zorunlulu\u011fu ortadan kalkar,<\/li>\n<li>K\u00f6t\u00fc hava ko\u015fullar\u0131nda anahtar arama zorlu\u011funu ortadan kald\u0131r\u0131r,<\/li>\n<li>Karanl\u0131k ortamlarda, anahtar\u0131 kilide sokmaya \u00e7al\u0131\u015fmaktan kurtar\u0131r,<\/li>\n<li>Anahtar\u0131 yuvaya yerle\u015ftirip, kap\u0131y\u0131 a\u00e7aca\u011f\u0131n\u0131z s\u00fcre neredeyse s\u0131f\u0131ra d\u00fc\u015fer,<\/li>\n<li>Ta\u015f\u0131mas\u0131 kolayd\u0131r, plastik y\u00fczeyi sayesinde \u00e7anta ve cebinizdeki hi\u00e7 bir \u00fcr\u00fcne zarar vermez,<\/li>\n<li>G\u00fcvenilirdir. Her okuyucu i\u00e7in bir master card verilir ve \u00e7iplerin kap\u0131y\u0131 a\u00e7acak \u015fekilde tan\u0131t\u0131lmas\u0131 yaln\u0131zca bu kart vas\u0131tas\u0131 ile yap\u0131l\u0131r,<\/li>\n<li>G\u00f6rme engelli arkada\u015flar\u0131m\u0131z\u0131n ve ya\u015fl\u0131lar\u0131m\u0131z\u0131n apartman giri\u015f kap\u0131s\u0131nda vakit harcamadan binaya girmelerini sa\u011flar,<\/li>\n<li>Ellerimizdeki \u00e7anta ve po\u015fetleri v.s. yere b\u0131rakmadan kap\u0131y\u0131 a\u00e7ma olana\u011f\u0131 oldu\u011fundan hijyen sa\u011flar,<\/li>\n<li>\u015eifreli sistemlerdeki, \u015fifreyi unutma veya bir s\u00fcre sonra 3. \u015fah\u0131slar\u0131n \u015fifreyi \u00f6\u011frenebilme risklerini ortadan kald\u0131r\u0131r.<\/li>\n<\/ul>\n<\/ul>\n<hr \/>\n<div class=\"clearfix\"><\/div><div class=\"blockquote\"><p>\n<p style=\"text-align: right;\"><strong>RFID Teknolojisi g\u00fcnl\u00fck hayatta s\u0131k\u00e7a kar\u015f\u0131la\u015ft\u0131\u011f\u0131m\u0131z pratik \u00e7\u00f6z\u00fcmler sunmu\u015ftur.<\/strong><br \/>\nOtob\u00fcs &#8211; Metro bileti &gt;&gt; Elektronik ge\u00e7i\u015f kart\u0131na,<br \/>\nAl\u0131\u015fveri\u015fte tek tek yaz\u0131lan \u00fcr\u00fcn fiyat\u0131 &gt;&gt; Barkod okuyucu sistemine,<br \/>\nOtoyol ge\u00e7i\u015flerinde kullan\u0131lan bilet &gt;&gt; OGS &#8211; HGS ge\u00e7i\u015f sistemine,<br \/>\nd\u00f6n\u00fc\u015fm\u00fc\u015ft\u00fcr.<\/p>\n<\/p><\/div><div class=\"clearfix\"><\/div>\n","protected":false},"excerpt":{"rendered":"<p>Anahtarl\u0131 kap\u0131larda, anahtar\u0131n yerini alacak h\u0131zl\u0131 ge\u00e7i\u015f sistemidir. Avantajlar\u0131;<\/p>\n","protected":false},"author":1,"featured_media":0,"parent":26,"menu_order":0,"comment_status":"open","ping_status":"closed","template":"","meta":{"footnotes":""},"_links":{"self":[{"href":"https:\/\/dmd.com.tr\/index.php?rest_route=\/wp\/v2\/pages\/32"}],"collection":[{"href":"https:\/\/dmd.com.tr\/index.php?rest_route=\/wp\/v2\/pages"}],"about":[{"href":"https:\/\/dmd.com.tr\/index.php?rest_route=\/wp\/v2\/types\/page"}],"author":[{"embeddable":true,"href":"https:\/\/dmd.com.tr\/index.php?rest_route=\/wp\/v2\/users\/1"}],"replies":[{"embeddable":true,"href":"https:\/\/dmd.com.tr\/index.php?rest_route=%2Fwp%2Fv2%2Fcomments&post=32"}],"version-history":[{"count":39,"href":"https:\/\/dmd.com.tr\/index.php?rest_route=\/wp\/v2\/pages\/32\/revisions"}],"predecessor-version":[{"id":323,"href":"https:\/\/dmd.com.tr\/index.php?rest_route=\/wp\/v2\/pages\/32\/revisions\/323"}],"up":[{"embeddable":true,"href":"https:\/\/dmd.com.tr\/index.php?rest_route=\/wp\/v2\/pages\/26"}],"wp:attachment":[{"href":"https:\/\/dmd.com.tr\/index.php?rest_route=%2Fwp%2Fv2%2Fmedia&parent=32"}],"curies":[{"name":"wp","href":"https:\/\/api.w.org\/{rel}","templated":true}]}}